{"id":126,"date":"2018-04-24T15:44:16","date_gmt":"2018-04-24T15:44:16","guid":{"rendered":"http:\/\/shoptimizer.local\/?page_id=126"},"modified":"2026-03-08T11:22:26","modified_gmt":"2026-03-08T10:22:26","slug":"metall-weltkarten-blog","status":"publish","type":"page","link":"https:\/\/worldmap24.de\/en\/metall-weltkarten-blog\/","title":{"rendered":"Blog \u00fcber Metall Weltkarten, Wanddeko &#038; DIY Inspiration"},"content":{"rendered":"<div data-elementor-type=\"wp-page\" data-elementor-id=\"126\" class=\"elementor elementor-126\" data-elementor-post-type=\"page\">\n\t\t\t\t<div class=\"elementor-element elementor-element-18ffbe0 e-flex e-con-boxed e-con e-parent\" data-id=\"18ffbe0\" data-element_type=\"container\" data-e-type=\"container\">\n\t\t\t\t\t<div class=\"e-con-inner\">\n\t\t\t\t<div class=\"elementor-element elementor-element-323b6cf elementor-widget elementor-widget-heading\" data-id=\"323b6cf\" data-element_type=\"widget\" data-e-type=\"widget\" data-widget_type=\"heading.default\">\n\t\t\t\t\t<h1 class=\"elementor-heading-title elementor-size-default\">Metall-Weltkarten als Wanddeko: Inspiration, Design &amp; DIY Ideen<\/h1>\t\t\t\t<\/div>\n\t\t\t\t<div class=\"elementor-element elementor-element-edcbe50 elementor-widget elementor-widget-text-editor\" data-id=\"edcbe50\" data-element_type=\"widget\" data-e-type=\"widget\" data-widget_type=\"text-editor.default\">\n\t\t\t\t\t\t\t\t\t<p data-start=\"1259\" data-end=\"1652\">Metall-Weltkarten sind eine moderne Form der Wanddeko und verbinden Design, Qualit\u00e4t und Pers\u00f6nlichkeit. In unserem Blog teilen wir Inspiration, DIY-Ideen und Einrichtungstipps rund um Weltkarten aus Metall. Erfahre, wie eine Metall-Weltkarte R\u00e4ume ver\u00e4ndert, welche Materialien am besten wirken und wie du deine Weltkarte mit Beleuchtung oder kreativen Ideen individuell gestalten kannst.<\/p><p data-start=\"1654\" data-end=\"1975\">Ob Edelstahl, Cortenstahl oder moderne Pulverbeschichtungen \u2013 jede Weltkarte aus Metall erz\u00e4hlt eine eigene Geschichte. Wir zeigen Beispiele aus echten Wohnr\u00e4umen, kreative DIY-Projekte und praktische Tipps zur Montage und Gestaltung. So wird deine Weltkarte nicht nur Dekoration, sondern ein echtes Design-Statement.<\/p><p data-start=\"1977\" data-end=\"2074\">Lass dich inspirieren und entdecke neue Ideen rund um moderne Wanddeko mit Metall-Weltkarten.<\/p>\t\t\t\t\t\t\t\t<\/div>\n\t\t\t\t\t<\/div>\n\t\t\t\t<\/div>\n\t\t<div class=\"elementor-element elementor-element-b766356 e-flex e-con-boxed e-con e-parent\" data-id=\"b766356\" data-element_type=\"container\" data-e-type=\"container\">\n\t\t\t\t\t<div class=\"e-con-inner\">\n\t\t\t\t<div class=\"elementor-element elementor-element-1fa26ef elementor-grid-3 elementor-grid-tablet-2 elementor-grid-mobile-1 elementor-posts--thumbnail-top elementor-widget elementor-widget-posts\" data-id=\"1fa26ef\" data-element_type=\"widget\" data-e-type=\"widget\" data-settings=\"{&quot;classic_columns&quot;:&quot;3&quot;,&quot;classic_columns_tablet&quot;:&quot;2&quot;,&quot;classic_columns_mobile&quot;:&quot;1&quot;,&quot;classic_row_gap&quot;:{&quot;unit&quot;:&quot;px&quot;,&quot;size&quot;:35,&quot;sizes&quot;:[]},&quot;classic_row_gap_tablet_extra&quot;:{&quot;unit&quot;:&quot;px&quot;,&quot;size&quot;:&quot;&quot;,&quot;sizes&quot;:[]},&quot;classic_row_gap_tablet&quot;:{&quot;unit&quot;:&quot;px&quot;,&quot;size&quot;:&quot;&quot;,&quot;sizes&quot;:[]},&quot;classic_row_gap_mobile&quot;:{&quot;unit&quot;:&quot;px&quot;,&quot;size&quot;:&quot;&quot;,&quot;sizes&quot;:[]}}\" data-widget_type=\"posts.classic\">\n\t\t\t\t<div class=\"elementor-widget-container\">\n\t\t\t\t\t\t\t<div class=\"elementor-posts-container elementor-posts elementor-posts--skin-classic elementor-grid\" role=\"list\">\n\t\t\t\t<article class=\"elementor-post elementor-grid-item post-9274 post type-post status-publish format-standard has-post-thumbnail hentry category-blog\" role=\"listitem\">\n\t\t\t\t<a class=\"elementor-post__thumbnail__link\" href=\"https:\/\/worldmap24.de\/en\/beleuchtete-weltkarte\/\" tabindex=\"-1\" >\n\t\t\t<div class=\"elementor-post__thumbnail\"><img decoding=\"async\" width=\"750\" height=\"488\" src=\"https:\/\/worldmap24.de\/wp-content\/uploads\/9999\/12\/beleuchtete-Weltkarte-aus-Metall-Wohnzimmer-750x488.webp\" class=\"attachment-medium size-medium wp-image-9296\" alt=\"Weltkarte beleuchtet aus Metall im Wohnzimmer auf dunkelgr\u00fcner Wand\" srcset=\"https:\/\/worldmap24.de\/wp-content\/uploads\/9999\/12\/beleuchtete-Weltkarte-aus-Metall-Wohnzimmer-750x488.webp 750w, https:\/\/worldmap24.de\/wp-content\/uploads\/9999\/12\/beleuchtete-Weltkarte-aus-Metall-Wohnzimmer-1024x666.webp 1024w, https:\/\/worldmap24.de\/wp-content\/uploads\/9999\/12\/beleuchtete-Weltkarte-aus-Metall-Wohnzimmer-768x500.webp 768w, https:\/\/worldmap24.de\/wp-content\/uploads\/9999\/12\/beleuchtete-Weltkarte-aus-Metall-Wohnzimmer-1536x1000.webp 1536w, https:\/\/worldmap24.de\/wp-content\/uploads\/9999\/12\/beleuchtete-Weltkarte-aus-Metall-Wohnzimmer-2048x1333.webp 2048w, https:\/\/worldmap24.de\/wp-content\/uploads\/9999\/12\/beleuchtete-Weltkarte-aus-Metall-Wohnzimmer-18x12.webp 18w, https:\/\/worldmap24.de\/wp-content\/uploads\/9999\/12\/beleuchtete-Weltkarte-aus-Metall-Wohnzimmer-990x644.webp 990w, https:\/\/worldmap24.de\/wp-content\/uploads\/9999\/12\/beleuchtete-Weltkarte-aus-Metall-Wohnzimmer-441x287.webp 441w, https:\/\/worldmap24.de\/wp-content\/uploads\/9999\/12\/beleuchtete-Weltkarte-aus-Metall-Wohnzimmer-800x521.webp 800w, https:\/\/worldmap24.de\/wp-content\/uploads\/9999\/12\/beleuchtete-Weltkarte-aus-Metall-Wohnzimmer-150x98.webp 150w\" sizes=\"(max-width: 750px) 100vw, 750px\" \/><\/div>\n\t\t<\/a>\n\t\t\t\t<div class=\"elementor-post__text\">\n\t\t\t\t<h2 class=\"elementor-post__title\">\n\t\t\t<a href=\"https:\/\/worldmap24.de\/en\/beleuchtete-weltkarte\/\" >\n\t\t\t\tRenovation as an Opportunity for an Illuminated World Map as Wall D\u00e9cor\t\t\t<\/a>\n\t\t<\/h2>\n\t\t\t\t<div class=\"elementor-post__meta-data\">\n\t\t\t\t\t<span class=\"elementor-post-date\">\n\t\t\t12. December 2025\t\t<\/span>\n\t\t\t\t<\/div>\n\t\t\t\t<div class=\"elementor-post__excerpt\">\n\t\t\t<p>Meine Weltkarte aus Edelstahl beleuchtet Renovierung als Chance f\u00fcr eine beleuchtete Weltkarte Die Idee hinter meinem DIY-Projekt Renovierung als Chance f\u00fcr eine beleuchtete Weltkarte f\u00fcr die Wand W\u00e4hrend der Renovierung<\/p>\n\t\t<\/div>\n\t\t\n\t\t<a class=\"elementor-post__read-more\" href=\"https:\/\/worldmap24.de\/en\/beleuchtete-weltkarte\/\" aria-label=\"Read more about Renovierung als Chance f\u00fcr eine beleuchtete Weltkarte als Wanddeko\" tabindex=\"-1\" >\n\t\t\tRead more \u00bb\t\t<\/a>\n\n\t\t\t\t<\/div>\n\t\t\t\t<\/article>\n\t\t\t\t<\/div>\n\t\t\n\t\t\t\t\t\t<\/div>\n\t\t\t\t<\/div>\n\t\t\t\t\t<\/div>\n\t\t\t\t<\/div>\n\t\t\t\t<\/div>","protected":false},"excerpt":{"rendered":"<p>Metall-Weltkarten als Wanddeko: Inspiration, Design &amp; DIY Ideen Metall-Weltkarten sind eine moderne Form der Wanddeko und verbinden Design, Qualit\u00e4t und Pers\u00f6nlichkeit. In unserem Blog teilen wir Inspiration, DIY-Ideen und Einrichtungstipps rund um Weltkarten aus Metall. Erfahre, wie eine Metall-Weltkarte R\u00e4ume ver\u00e4ndert, welche Materialien am besten wirken und wie du deine Weltkarte mit Beleuchtung oder kreativen [&hellip;]<\/p>\n","protected":false},"author":1,"featured_media":0,"parent":0,"menu_order":0,"comment_status":"closed","ping_status":"closed","template":"","meta":{"footnotes":""},"class_list":["post-126","page","type-page","status-publish","hentry"],"_links":{"self":[{"href":"https:\/\/worldmap24.de\/en\/wp-json\/wp\/v2\/pages\/126","targetHints":{"allow":["GET"]}}],"collection":[{"href":"https:\/\/worldmap24.de\/en\/wp-json\/wp\/v2\/pages"}],"about":[{"href":"https:\/\/worldmap24.de\/en\/wp-json\/wp\/v2\/types\/page"}],"author":[{"embeddable":true,"href":"https:\/\/worldmap24.de\/en\/wp-json\/wp\/v2\/users\/1"}],"replies":[{"embeddable":true,"href":"https:\/\/worldmap24.de\/en\/wp-json\/wp\/v2\/comments?post=126"}],"version-history":[{"count":10,"href":"https:\/\/worldmap24.de\/en\/wp-json\/wp\/v2\/pages\/126\/revisions"}],"predecessor-version":[{"id":9513,"href":"https:\/\/worldmap24.de\/en\/wp-json\/wp\/v2\/pages\/126\/revisions\/9513"}],"wp:attachment":[{"href":"https:\/\/worldmap24.de\/en\/wp-json\/wp\/v2\/media?parent=126"}],"curies":[{"name":"wp","href":"https:\/\/api.w.org\/{rel}","templated":true}]}}