{"id":7157,"date":"2020-10-09T13:39:05","date_gmt":"2020-10-09T13:39:05","guid":{"rendered":"http:\/\/shoptimizer.local\/?page_id=848"},"modified":"2025-12-22T14:55:45","modified_gmt":"2025-12-22T13:55:45","slug":"ueber-worldmap24","status":"publish","type":"page","link":"https:\/\/worldmap24.de\/en\/ueber-worldmap24\/","title":{"rendered":"About"},"content":{"rendered":"<div data-elementor-type=\"wp-post\" data-elementor-id=\"7157\" class=\"elementor elementor-7157\" data-elementor-post-type=\"page\">\n\t\t\t\t<section class=\"elementor-element elementor-element-82eb0ea e-flex e-con-boxed e-con e-parent\" data-id=\"82eb0ea\" data-element_type=\"container\" data-e-type=\"container\" data-settings=\"{&quot;background_background&quot;:&quot;classic&quot;}\">\n\t\t\t\t\t<div class=\"e-con-inner\">\n\t\t<div class=\"elementor-element elementor-element-67e3520 e-con-full e-flex e-con e-child\" data-id=\"67e3520\" data-element_type=\"container\" data-e-type=\"container\">\n\t\t<div class=\"elementor-element elementor-element-b36520a e-con-full e-flex e-con e-child\" data-id=\"b36520a\" data-element_type=\"container\" data-e-type=\"container\">\n\t\t<div class=\"elementor-element elementor-element-ae026e5 e-con-full e-flex e-con e-child\" data-id=\"ae026e5\" data-element_type=\"container\" data-e-type=\"container\">\n\t\t\t\t<div class=\"elementor-element elementor-element-85ec6a2 elementor-invisible elementor-widget elementor-widget-heading\" data-id=\"85ec6a2\" data-element_type=\"widget\" data-e-type=\"widget\" data-settings=\"{&quot;_animation&quot;:&quot;fadeInUp&quot;}\" data-widget_type=\"heading.default\">\n\t\t\t\t\t<h1 class=\"elementor-heading-title elementor-size-default\">WorldMap24 \u2013 Our Passion for Metal World Maps<\/h1>\t\t\t\t<\/div>\n\t\t\t\t<div class=\"elementor-element elementor-element-81580ad elementor-invisible elementor-widget elementor-widget-heading\" data-id=\"81580ad\" data-element_type=\"widget\" data-e-type=\"widget\" data-settings=\"{&quot;_animation&quot;:&quot;fadeInDown&quot;}\" data-widget_type=\"heading.default\">\n\t\t\t\t\t<h2 class=\"elementor-heading-title elementor-size-default\">It all started at a barbecue in 2016 - today we produce high-quality metal world maps to brighten up your home.<\/h2>\t\t\t\t<\/div>\n\t\t\t\t<\/div>\n\t\t<div class=\"elementor-element elementor-element-79d54fc e-con-full e-flex e-con e-child\" data-id=\"79d54fc\" data-element_type=\"container\" data-e-type=\"container\">\n\t\t\t\t<div class=\"elementor-element elementor-element-86c4678 elementor-widget elementor-widget-image\" data-id=\"86c4678\" data-element_type=\"widget\" data-e-type=\"widget\" data-widget_type=\"image.default\">\n\t\t\t\t\t\t\t\t\t\t\t\t\t\t\t<img decoding=\"async\" width=\"1024\" height=\"576\" src=\"https:\/\/worldmap24.de\/wp-content\/uploads\/2025\/09\/Design-ohne-Titel-7-1024x576.png\" class=\"attachment-large size-large wp-image-7345\" alt=\"Weltkarte aus Edelstahl freigestellt f\u00fcr Animationen und digitale Visualisierungen\" srcset=\"https:\/\/worldmap24.de\/wp-content\/uploads\/2025\/09\/Design-ohne-Titel-7-1024x576.png 1024w, https:\/\/worldmap24.de\/wp-content\/uploads\/2025\/09\/Design-ohne-Titel-7-300x169.png 300w, https:\/\/worldmap24.de\/wp-content\/uploads\/2025\/09\/Design-ohne-Titel-7-768x432.png 768w, https:\/\/worldmap24.de\/wp-content\/uploads\/2025\/09\/Design-ohne-Titel-7-990x557.png 990w, https:\/\/worldmap24.de\/wp-content\/uploads\/2025\/09\/Design-ohne-Titel-7-441x248.png 441w, https:\/\/worldmap24.de\/wp-content\/uploads\/2025\/09\/Design-ohne-Titel-7-800x450.png 800w, https:\/\/worldmap24.de\/wp-content\/uploads\/2025\/09\/Design-ohne-Titel-7-150x84.png 150w, https:\/\/worldmap24.de\/wp-content\/uploads\/2025\/09\/Design-ohne-Titel-7.png 1366w\" sizes=\"(max-width: 1024px) 100vw, 1024px\" \/>\t\t\t\t\t\t\t\t\t\t\t\t\t\t\t<\/div>\n\t\t\t\t<\/div>\n\t\t\t\t<\/div>\n\t\t\t\t<\/div>\n\t\t\t\t\t<\/div>\n\t\t\t\t<\/section>\n\t\t<div class=\"elementor-element elementor-element-3063db3 e-flex e-con-boxed e-con e-parent\" data-id=\"3063db3\" data-element_type=\"container\" data-e-type=\"container\">\n\t\t\t\t\t<div class=\"e-con-inner\">\n\t\t<div class=\"elementor-element elementor-element-c74b51c e-con-full e-flex elementor-invisible e-con e-child\" data-id=\"c74b51c\" data-element_type=\"container\" data-e-type=\"container\" data-settings=\"{&quot;animation&quot;:&quot;fadeIn&quot;}\">\n\t\t\t\t<div class=\"elementor-element elementor-element-fcc7acb elementor-widget elementor-widget-heading\" data-id=\"fcc7acb\" data-element_type=\"widget\" data-e-type=\"widget\" data-widget_type=\"heading.default\">\n\t\t\t\t\t<h6 class=\"elementor-heading-title elementor-size-default\">It all began with a small idea.<\/h6>\t\t\t\t<\/div>\n\t\t\t\t<div class=\"elementor-element elementor-element-d2741bc elementor-widget elementor-widget-heading\" data-id=\"d2741bc\" data-element_type=\"widget\" data-e-type=\"widget\" data-widget_type=\"heading.default\">\n\t\t\t\t\t<h2 class=\"elementor-heading-title elementor-size-default\">Our idea by the barbecue.<\/h2>\t\t\t\t<\/div>\n\t\t\t\t<div class=\"elementor-element elementor-element-71feb04 elementor-widget elementor-widget-text-editor\" data-id=\"71feb04\" data-element_type=\"widget\" data-e-type=\"widget\" data-widget_type=\"text-editor.default\">\n\t\t\t\t\t\t\t\t\t<p data-start=\"371\" data-end=\"593\">It all began in 2016, during a relaxed barbecue evening. We were sitting together, chatting about travel and home decor \u2014 and suddenly the idea hit us: \u201cWhy don\u2019t we just hang a metal world map in our apartment?\u201d Said and done.<\/p><p data-start=\"595\" data-end=\"797\">We designed our world map, created the first prototype, and mounted it in our home. Soon after, we received compliments from friends who wanted a world map like ours, too.<\/p>\t\t\t\t\t\t\t\t<\/div>\n\t\t\t\t<\/div>\n\t\t<div class=\"elementor-element elementor-element-e5312a8 e-con-full e-flex elementor-invisible e-con e-child\" data-id=\"e5312a8\" data-element_type=\"container\" data-e-type=\"container\" data-settings=\"{&quot;animation&quot;:&quot;fadeIn&quot;,&quot;animation_delay&quot;:200}\">\n\t\t\t\t<div class=\"elementor-element elementor-element-f43fd7a animated-fast elementor-invisible elementor-widget elementor-widget-image\" data-id=\"f43fd7a\" data-element_type=\"widget\" data-e-type=\"widget\" data-settings=\"{&quot;_animation&quot;:&quot;fadeIn&quot;}\" data-widget_type=\"image.default\">\n\t\t\t\t\t\t\t\t\t\t\t\t\t\t\t<img decoding=\"async\" width=\"1024\" height=\"768\" src=\"https:\/\/worldmap24.de\/wp-content\/uploads\/2025\/07\/Weltkarte_Rostig_Sonderanfertigung_Wohnzimmer-scaled-2-1024x768.jpg\" class=\"attachment-large size-large wp-image-1261\" alt=\"Auf dem Bild ist eine Weltkarte Rostig zu sehen vor einer weissen Wand. Es ist ein Sofa und eine Pflanze zu sehen.\" srcset=\"https:\/\/worldmap24.de\/wp-content\/uploads\/2025\/07\/Weltkarte_Rostig_Sonderanfertigung_Wohnzimmer-scaled-2-1024x768.jpg 1024w, https:\/\/worldmap24.de\/wp-content\/uploads\/2025\/07\/Weltkarte_Rostig_Sonderanfertigung_Wohnzimmer-scaled-2-150x113.jpg 150w, https:\/\/worldmap24.de\/wp-content\/uploads\/2025\/07\/Weltkarte_Rostig_Sonderanfertigung_Wohnzimmer-scaled-2-800x600.jpg 800w, https:\/\/worldmap24.de\/wp-content\/uploads\/2025\/07\/Weltkarte_Rostig_Sonderanfertigung_Wohnzimmer-scaled-2-300x225.jpg 300w, https:\/\/worldmap24.de\/wp-content\/uploads\/2025\/07\/Weltkarte_Rostig_Sonderanfertigung_Wohnzimmer-scaled-2-768x576.jpg 768w, https:\/\/worldmap24.de\/wp-content\/uploads\/2025\/07\/Weltkarte_Rostig_Sonderanfertigung_Wohnzimmer-scaled-2-1536x1152.jpg 1536w, https:\/\/worldmap24.de\/wp-content\/uploads\/2025\/07\/Weltkarte_Rostig_Sonderanfertigung_Wohnzimmer-scaled-2-2048x1536.jpg 2048w\" sizes=\"(max-width: 1024px) 100vw, 1024px\" \/>\t\t\t\t\t\t\t\t\t\t\t\t\t\t\t<\/div>\n\t\t\t\t<\/div>\n\t\t\t\t\t<\/div>\n\t\t\t\t<\/div>\n\t\t<div class=\"elementor-element elementor-element-3d1a4ea e-flex e-con-boxed e-con e-parent\" data-id=\"3d1a4ea\" data-element_type=\"container\" data-e-type=\"container\" data-settings=\"{&quot;background_background&quot;:&quot;gradient&quot;}\">\n\t\t\t\t\t<div class=\"e-con-inner\">\n\t\t<div class=\"elementor-element elementor-element-91b03ef e-con-full e-flex elementor-invisible e-con e-child\" data-id=\"91b03ef\" data-element_type=\"container\" data-e-type=\"container\" data-settings=\"{&quot;animation&quot;:&quot;fadeIn&quot;}\">\n\t\t\t\t<div class=\"elementor-element elementor-element-a6d4865 animated-fast elementor-invisible elementor-widget elementor-widget-image\" data-id=\"a6d4865\" data-element_type=\"widget\" data-e-type=\"widget\" data-settings=\"{&quot;_animation&quot;:&quot;fadeIn&quot;}\" data-widget_type=\"image.default\">\n\t\t\t\t\t\t\t\t\t\t\t\t\t\t\t<img decoding=\"async\" width=\"1024\" height=\"777\" src=\"https:\/\/worldmap24.de\/wp-content\/uploads\/2025\/02\/Weltkarte-Wohnzimmer-1024x777.jpg\" class=\"attachment-large size-large wp-image-474\" alt=\"Metall Weltkarte in Anthrazitgrau in einem Wohnzimmer\" srcset=\"https:\/\/worldmap24.de\/wp-content\/uploads\/2025\/02\/Weltkarte-Wohnzimmer-1024x777.jpg 1024w, https:\/\/worldmap24.de\/wp-content\/uploads\/2025\/02\/Weltkarte-Wohnzimmer-scaled-150x114.jpg 150w, https:\/\/worldmap24.de\/wp-content\/uploads\/2025\/02\/Weltkarte-Wohnzimmer-scaled-800x607.jpg 800w, https:\/\/worldmap24.de\/wp-content\/uploads\/2025\/02\/Weltkarte-Wohnzimmer-300x228.jpg 300w, https:\/\/worldmap24.de\/wp-content\/uploads\/2025\/02\/Weltkarte-Wohnzimmer-768x583.jpg 768w, https:\/\/worldmap24.de\/wp-content\/uploads\/2025\/02\/Weltkarte-Wohnzimmer-1536x1166.jpg 1536w, https:\/\/worldmap24.de\/wp-content\/uploads\/2025\/02\/Weltkarte-Wohnzimmer-2048x1554.jpg 2048w, https:\/\/worldmap24.de\/wp-content\/uploads\/2025\/02\/Weltkarte-Wohnzimmer-1320x1002.jpg 1320w\" sizes=\"(max-width: 1024px) 100vw, 1024px\" \/>\t\t\t\t\t\t\t\t\t\t\t\t\t\t\t<\/div>\n\t\t\t\t<\/div>\n\t\t<div class=\"elementor-element elementor-element-0a07cb1 e-con-full e-flex elementor-invisible e-con e-child\" data-id=\"0a07cb1\" data-element_type=\"container\" data-e-type=\"container\" data-settings=\"{&quot;animation&quot;:&quot;fadeIn&quot;,&quot;animation_delay&quot;:200}\">\n\t\t\t\t<div class=\"elementor-element elementor-element-514c662 elementor-widget elementor-widget-heading\" data-id=\"514c662\" data-element_type=\"widget\" data-e-type=\"widget\" data-widget_type=\"heading.default\">\n\t\t\t\t\t<h6 class=\"elementor-heading-title elementor-size-default\">Passion turned into a business.<\/h6>\t\t\t\t<\/div>\n\t\t\t\t<div class=\"elementor-element elementor-element-d08fa49 elementor-widget elementor-widget-heading\" data-id=\"d08fa49\" data-element_type=\"widget\" data-e-type=\"widget\" data-widget_type=\"heading.default\">\n\t\t\t\t\t<h2 class=\"elementor-heading-title elementor-size-default\">From hobby to business.<\/h2>\t\t\t\t<\/div>\n\t\t\t\t<div class=\"elementor-element elementor-element-9629db8 elementor-widget elementor-widget-text-editor\" data-id=\"9629db8\" data-element_type=\"widget\" data-e-type=\"widget\" data-widget_type=\"text-editor.default\">\n\t\t\t\t\t\t\t\t\t<p data-start=\"897\" data-end=\"1085\">Originally, we just wanted to make the world map for ourselves. But after spending countless hours on the design, materials, and mounting concept, we realized \u2014 this could become something more.<\/p><p data-start=\"1087\" data-end=\"1430\">In 2017, we decided to take the leap \u2014 we founded our company. With our first online shop, we immediately received requests for additional colors and sizes. Over the years, we\u2019ve added the most popular variants to our portfolio, allowing us to offer our maps in premium quality at fair prices.<\/p>\t\t\t\t\t\t\t\t<\/div>\n\t\t\t\t<\/div>\n\t\t\t\t\t<\/div>\n\t\t\t\t<\/div>\n\t\t<div class=\"elementor-element elementor-element-a4db45c e-flex e-con-boxed e-con e-parent\" data-id=\"a4db45c\" data-element_type=\"container\" data-e-type=\"container\" data-settings=\"{&quot;background_background&quot;:&quot;gradient&quot;}\">\n\t\t\t\t\t<div class=\"e-con-inner\">\n\t\t<div class=\"elementor-element elementor-element-c4d1c9b e-con-full e-flex elementor-invisible e-con e-child\" data-id=\"c4d1c9b\" data-element_type=\"container\" data-e-type=\"container\" data-settings=\"{&quot;animation&quot;:&quot;fadeIn&quot;}\">\n\t\t\t\t<div class=\"elementor-element elementor-element-38e429c elementor-widget elementor-widget-heading\" data-id=\"38e429c\" data-element_type=\"widget\" data-e-type=\"widget\" data-widget_type=\"heading.default\">\n\t\t\t\t\t<h6 class=\"elementor-heading-title elementor-size-default\">World maps that bring joy and inspiration<\/h6>\t\t\t\t<\/div>\n\t\t\t\t<div class=\"elementor-element elementor-element-cd6ade7 elementor-widget elementor-widget-heading\" data-id=\"cd6ade7\" data-element_type=\"widget\" data-e-type=\"widget\" data-widget_type=\"heading.default\">\n\t\t\t\t\t<h2 class=\"elementor-heading-title elementor-size-default\">Our mission<\/h2>\t\t\t\t<\/div>\n\t\t\t\t<div class=\"elementor-element elementor-element-5e60b50 elementor-widget elementor-widget-text-editor\" data-id=\"5e60b50\" data-element_type=\"widget\" data-e-type=\"widget\" data-widget_type=\"text-editor.default\">\n\t\t\t\t\t\t\t\t\t<p data-start=\"1458\" data-end=\"1553\">Our mission is simple: we want to create high-quality metal world maps that bring you lasting joy. We focus on durable materials, thoughtful design, and easy installation \u2013 so you can fully enjoy the adventure within your own four walls. With your world map, you\u2019re not just buying a decorative piece, but bringing a touch of inspiration and a spirit of travel into your home.<\/p>\t\t\t\t\t\t\t\t<\/div>\n\t\t\t\t<\/div>\n\t\t<div class=\"elementor-element elementor-element-bba37a5 e-con-full e-flex elementor-invisible e-con e-child\" data-id=\"bba37a5\" data-element_type=\"container\" data-e-type=\"container\" data-settings=\"{&quot;animation&quot;:&quot;fadeIn&quot;,&quot;animation_delay&quot;:200}\">\n\t\t\t\t<div class=\"elementor-element elementor-element-e1e4918 animated-fast elementor-invisible elementor-widget elementor-widget-image\" data-id=\"e1e4918\" data-element_type=\"widget\" data-e-type=\"widget\" data-settings=\"{&quot;_animation&quot;:&quot;fadeIn&quot;}\" data-widget_type=\"image.default\">\n\t\t\t\t\t\t\t\t\t\t\t\t\t\t\t<img decoding=\"async\" width=\"1024\" height=\"618\" src=\"https:\/\/worldmap24.de\/wp-content\/uploads\/2025\/02\/Weltkarte_Stahl_Metall_Edelstahl_M_Detail-1024x618.jpg\" class=\"attachment-large size-large wp-image-453\" alt=\"Weltkarte aus Edelstahl vor einer wei\u00dfen Wand (Ansicht Detail)\" srcset=\"https:\/\/worldmap24.de\/wp-content\/uploads\/2025\/02\/Weltkarte_Stahl_Metall_Edelstahl_M_Detail-1024x618.jpg 1024w, https:\/\/worldmap24.de\/wp-content\/uploads\/2025\/02\/Weltkarte_Stahl_Metall_Edelstahl_M_Detail-scaled-150x90.jpg 150w, https:\/\/worldmap24.de\/wp-content\/uploads\/2025\/02\/Weltkarte_Stahl_Metall_Edelstahl_M_Detail-scaled-800x483.jpg 800w, https:\/\/worldmap24.de\/wp-content\/uploads\/2025\/02\/Weltkarte_Stahl_Metall_Edelstahl_M_Detail-300x181.jpg 300w, https:\/\/worldmap24.de\/wp-content\/uploads\/2025\/02\/Weltkarte_Stahl_Metall_Edelstahl_M_Detail-768x463.jpg 768w, https:\/\/worldmap24.de\/wp-content\/uploads\/2025\/02\/Weltkarte_Stahl_Metall_Edelstahl_M_Detail-1536x927.jpg 1536w, https:\/\/worldmap24.de\/wp-content\/uploads\/2025\/02\/Weltkarte_Stahl_Metall_Edelstahl_M_Detail-2048x1236.jpg 2048w, https:\/\/worldmap24.de\/wp-content\/uploads\/2025\/02\/Weltkarte_Stahl_Metall_Edelstahl_M_Detail-1320x796.jpg 1320w\" sizes=\"(max-width: 1024px) 100vw, 1024px\" \/>\t\t\t\t\t\t\t\t\t\t\t\t\t\t\t<\/div>\n\t\t\t\t<\/div>\n\t\t\t\t\t<\/div>\n\t\t\t\t<\/div>\n\t\t<div class=\"elementor-element elementor-element-3dd1346 e-flex e-con-boxed e-con e-parent\" data-id=\"3dd1346\" data-element_type=\"container\" data-e-type=\"container\" data-settings=\"{&quot;background_background&quot;:&quot;gradient&quot;}\">\n\t\t\t\t\t<div class=\"e-con-inner\">\n\t\t<div class=\"elementor-element elementor-element-217d46b e-con-full e-flex elementor-invisible e-con e-child\" data-id=\"217d46b\" data-element_type=\"container\" data-e-type=\"container\" data-settings=\"{&quot;animation&quot;:&quot;fadeIn&quot;}\">\n\t\t\t\t<div class=\"elementor-element elementor-element-f1361e1 animated-fast elementor-invisible elementor-widget elementor-widget-image\" data-id=\"f1361e1\" data-element_type=\"widget\" data-e-type=\"widget\" data-settings=\"{&quot;_animation&quot;:&quot;fadeIn&quot;}\" data-widget_type=\"image.default\">\n\t\t\t\t\t\t\t\t\t\t\t\t\t\t\t<img decoding=\"async\" width=\"1024\" height=\"576\" src=\"https:\/\/worldmap24.de\/wp-content\/uploads\/2025\/11\/Tobias-und-Marcel-Storybild-1024x576.jpg\" class=\"attachment-large size-large wp-image-8539\" alt=\"Tobias und Marcel lachen gemeinsam im Urlaub in der Sonne.\" srcset=\"https:\/\/worldmap24.de\/wp-content\/uploads\/2025\/11\/Tobias-und-Marcel-Storybild-1024x576.jpg 1024w, https:\/\/worldmap24.de\/wp-content\/uploads\/2025\/11\/Tobias-und-Marcel-Storybild-750x422.jpg 750w, https:\/\/worldmap24.de\/wp-content\/uploads\/2025\/11\/Tobias-und-Marcel-Storybild-768x432.jpg 768w, https:\/\/worldmap24.de\/wp-content\/uploads\/2025\/11\/Tobias-und-Marcel-Storybild-1536x864.jpg 1536w, https:\/\/worldmap24.de\/wp-content\/uploads\/2025\/11\/Tobias-und-Marcel-Storybild-2048x1152.jpg 2048w, https:\/\/worldmap24.de\/wp-content\/uploads\/2025\/11\/Tobias-und-Marcel-Storybild-18x10.jpg 18w, https:\/\/worldmap24.de\/wp-content\/uploads\/2025\/11\/Tobias-und-Marcel-Storybild-990x557.jpg 990w, https:\/\/worldmap24.de\/wp-content\/uploads\/2025\/11\/Tobias-und-Marcel-Storybild-441x248.jpg 441w, https:\/\/worldmap24.de\/wp-content\/uploads\/2025\/11\/Tobias-und-Marcel-Storybild-800x450.jpg 800w, https:\/\/worldmap24.de\/wp-content\/uploads\/2025\/11\/Tobias-und-Marcel-Storybild-150x84.jpg 150w\" sizes=\"(max-width: 1024px) 100vw, 1024px\" \/>\t\t\t\t\t\t\t\t\t\t\t\t\t\t\t<\/div>\n\t\t\t\t<\/div>\n\t\t<div class=\"elementor-element elementor-element-ad432fa e-con-full e-flex elementor-invisible e-con e-child\" data-id=\"ad432fa\" data-element_type=\"container\" data-e-type=\"container\" data-settings=\"{&quot;animation&quot;:&quot;fadeIn&quot;,&quot;animation_delay&quot;:200}\">\n\t\t\t\t<div class=\"elementor-element elementor-element-ab0e8ab elementor-widget elementor-widget-heading\" data-id=\"ab0e8ab\" data-element_type=\"widget\" data-e-type=\"widget\" data-widget_type=\"heading.default\">\n\t\t\t\t\t<h6 class=\"elementor-heading-title elementor-size-default\">Two friends with a shared vision<\/h6>\t\t\t\t<\/div>\n\t\t\t\t<div class=\"elementor-element elementor-element-297f23a elementor-widget elementor-widget-heading\" data-id=\"297f23a\" data-element_type=\"widget\" data-e-type=\"widget\" data-widget_type=\"heading.default\">\n\t\t\t\t\t<h2 class=\"elementor-heading-title elementor-size-default\">Who we are<\/h2>\t\t\t\t<\/div>\n\t\t\t\t<div class=\"elementor-element elementor-element-db7b175 elementor-widget elementor-widget-text-editor\" data-id=\"db7b175\" data-element_type=\"widget\" data-e-type=\"widget\" data-widget_type=\"text-editor.default\">\n\t\t\t\t\t\t\t\t\t<p data-start=\"897\" data-end=\"1085\">We\u2019re Marcel and Tobias \u2014 two friends who share a passion for design, travel, and creative craftsmanship. What unites us is the joy of turning a small idea into something special \u2014 something that brings happiness to your home every day.<\/p>\t\t\t\t\t\t\t\t<\/div>\n\t\t\t\t<\/div>\n\t\t\t\t\t<\/div>\n\t\t\t\t<\/div>\n\t\t<div class=\"elementor-element elementor-element-c5c7fd0 e-flex e-con-boxed e-con e-parent\" data-id=\"c5c7fd0\" data-element_type=\"container\" data-e-type=\"container\">\n\t\t\t\t\t<div class=\"e-con-inner\">\n\t\t<div class=\"elementor-element elementor-element-e96bc06 e-con-full e-flex elementor-invisible e-con e-child\" data-id=\"e96bc06\" data-element_type=\"container\" data-e-type=\"container\" data-settings=\"{&quot;animation&quot;:&quot;fadeIn&quot;}\">\n\t\t\t\t<div class=\"elementor-element elementor-element-ac696be elementor-widget elementor-widget-heading\" data-id=\"ac696be\" data-element_type=\"widget\" data-e-type=\"widget\" data-widget_type=\"heading.default\">\n\t\t\t\t\t<h6 class=\"elementor-heading-title elementor-size-default\">Inspiration for your walls<\/h6>\t\t\t\t<\/div>\n\t\t\t\t<div class=\"elementor-element elementor-element-791d9f6 title-right elementor-widget elementor-widget-heading\" data-id=\"791d9f6\" data-element_type=\"widget\" data-e-type=\"widget\" data-widget_type=\"heading.default\">\n\t\t\t\t\t<h3 class=\"elementor-heading-title elementor-size-default\">Discover our world maps and find the perfect decor for your home. We\u2019re excited to be part of your journey!<\/h3>\t\t\t\t<\/div>\n\t\t\t\t<div class=\"elementor-element elementor-element-c974fdb elementor-widget elementor-widget-button\" data-id=\"c974fdb\" data-element_type=\"widget\" data-e-type=\"widget\" data-widget_type=\"button.default\">\n\t\t\t\t\t\t\t\t\t\t<a class=\"elementor-button elementor-button-link elementor-size-sm\" href=\"https:\/\/worldmap24.de\/en\/product\/weltkarte-aus-metall-konfigurator\/\">\n\t\t\t\t\t\t<span class=\"elementor-button-content-wrapper\">\n\t\t\t\t\t\t\t\t\t<span class=\"elementor-button-text\">Discover your world map now<\/span>\n\t\t\t\t\t<\/span>\n\t\t\t\t\t<\/a>\n\t\t\t\t\t\t\t\t<\/div>\n\t\t\t\t<\/div>\n\t\t\t\t\t<\/div>\n\t\t\t\t<\/div>\n\t\t\t\t<\/div>","protected":false},"excerpt":{"rendered":"<p>WorldMap24 \u2013 Unsere Leidenschaft f\u00fcr Weltkarten aus Metall Alles begann 2016 beim Grillen \u2013 heute fertigen wir hochwertige Metall-Weltkarten, die dein Zuhause versch\u00f6nern. Alles begann mit einer kleinen Idee Unsere Idee beim Grillen Alles begann 2016 ganz entspannt beim Grillen. Wir sa\u00dfen zusammen, quatschten \u00fcber Reisen und Wohnideen \u2013 und pl\u00f6tzlich kam uns die Idee: [&hellip;]<\/p>\n","protected":false},"author":1,"featured_media":0,"parent":0,"menu_order":0,"comment_status":"closed","ping_status":"closed","template":"elementor_header_footer","meta":{"footnotes":""},"class_list":["post-7157","page","type-page","status-publish","hentry"],"_links":{"self":[{"href":"https:\/\/worldmap24.de\/en\/wp-json\/wp\/v2\/pages\/7157","targetHints":{"allow":["GET"]}}],"collection":[{"href":"https:\/\/worldmap24.de\/en\/wp-json\/wp\/v2\/pages"}],"about":[{"href":"https:\/\/worldmap24.de\/en\/wp-json\/wp\/v2\/types\/page"}],"author":[{"embeddable":true,"href":"https:\/\/worldmap24.de\/en\/wp-json\/wp\/v2\/users\/1"}],"replies":[{"embeddable":true,"href":"https:\/\/worldmap24.de\/en\/wp-json\/wp\/v2\/comments?post=7157"}],"version-history":[{"count":10,"href":"https:\/\/worldmap24.de\/en\/wp-json\/wp\/v2\/pages\/7157\/revisions"}],"predecessor-version":[{"id":9373,"href":"https:\/\/worldmap24.de\/en\/wp-json\/wp\/v2\/pages\/7157\/revisions\/9373"}],"wp:attachment":[{"href":"https:\/\/worldmap24.de\/en\/wp-json\/wp\/v2\/media?parent=7157"}],"curies":[{"name":"wp","href":"https:\/\/api.w.org\/{rel}","templated":true}]}}