{"id":75,"date":"2025-02-01T07:41:22","date_gmt":"2025-02-01T06:41:22","guid":{"rendered":"https:\/\/worldmap24.de\/versandarten\/"},"modified":"2026-03-08T11:35:54","modified_gmt":"2026-03-08T10:35:54","slug":"versandarten","status":"publish","type":"page","link":"https:\/\/worldmap24.de\/en\/versandarten\/","title":{"rendered":"Versandarten &#038; Versandinformationen f\u00fcr Weltkarten aus Metall"},"content":{"rendered":"<div data-elementor-type=\"wp-page\" data-elementor-id=\"75\" class=\"elementor elementor-75\" data-elementor-post-type=\"page\">\n\t\t\t\t<div class=\"elementor-element elementor-element-c5ca492 e-flex e-con-boxed e-con e-parent\" data-id=\"c5ca492\" data-element_type=\"container\" data-e-type=\"container\">\n\t\t\t\t\t<div class=\"e-con-inner\">\n\t\t\t\t<div class=\"elementor-element elementor-element-ef8ef71 elementor-widget elementor-widget-text-editor\" data-id=\"ef8ef71\" data-element_type=\"widget\" data-e-type=\"widget\" data-widget_type=\"text-editor.default\">\n\t\t\t\t\t\t\t\t\t<p data-start=\"774\" data-end=\"1110\">Wir versenden unsere Weltkarten aus Metall sicher verpackt und zuverl\u00e4ssig mit unserem Versandpartner DPD. Jede Bestellung wird sorgf\u00e4ltig vorbereitet, damit Ihre Design-Weltkarte unbesch\u00e4digt bei Ihnen ankommt. Der Versand erfolgt versichert und mit Sendungsverfolgung, sodass Sie jederzeit den Status Ihrer Lieferung verfolgen k\u00f6nnen.<\/p><p data-start=\"1112\" data-end=\"1401\">Unsere hochwertigen Weltkarten aus Metall werden in stabilen Verpackungen verschickt, die speziell f\u00fcr den sicheren Transport von Wanddeko aus Metall ausgelegt sind. So stellen wir sicher, dass Ihre Weltkarte aus Edelstahl, Cortenstahl oder pulverbeschichtetem Stahl optimal gesch\u00fctzt ist.<\/p>\t\t\t\t\t\t\t\t<\/div>\n\t\t\t\t<div class=\"elementor-element elementor-element-877ef67 elementor-widget elementor-widget-text-editor\" data-id=\"877ef67\" data-element_type=\"widget\" data-e-type=\"widget\" data-widget_type=\"text-editor.default\">\n\t\t\t\t\t\t\t\t\t<table style=\"border: 1px solid black; border-collapse: collapse; width: auto; margin: 0;\">\n  <tbody>\n    <tr>\n      <td style=\"border: 1px solid black; padding: 6px;\">DPD shipping within Germany<\/td>\n      <td style=\"border: 1px solid black; padding: 6px;\">9,99 \u20ac<\/td>\n    <\/tr>\n    <tr>\n      <td style=\"border: 1px solid black; padding: 6px;\">DPD shipping to Austria<\/td>\n      <td style=\"border: 1px solid black; padding: 6px;\">37,95 \u20ac<\/td>\n    <\/tr>\n    <tr>\n      <td style=\"border: 1px solid black; padding: 6px;\">DPD shipping to Switzerland<\/td>\n      <td style=\"border: 1px solid black; padding: 6px;\">45,95 \u20ac<\/td>\n    <\/tr>\n    <tr>\n      <td style=\"border: 1px solid black; padding: 6px;\">DPD shipping to Belgium<\/td>\n      <td style=\"border: 1px solid black; padding: 6px;\">37,95 \u20ac<\/td>\n    <\/tr>\n    <tr>\n      <td style=\"border: 1px solid black; padding: 6px;\">DPD shipping to France<\/td>\n      <td style=\"border: 1px solid black; padding: 6px;\">37,95 \u20ac<\/td>\n    <\/tr>\n    <tr>\n      <td style=\"border: 1px solid black; padding: 6px;\">DPD shipping to Luxembourg<\/td>\n      <td style=\"border: 1px solid black; padding: 6px;\">37,95 \u20ac<\/td>\n    <\/tr>\n    <tr>\n      <td style=\"border: 1px solid black; padding: 6px;\">DPD shipping to the Netherlands<\/td>\n      <td style=\"border: 1px solid black; padding: 6px;\">37,95 \u20ac<\/td>\n    <\/tr>\n    <tr>\n      <td style=\"border: 1px solid black; padding: 6px;\">DPD shipping to Denmark<\/td>\n      <td style=\"border: 1px solid black; padding: 6px;\">37,95 \u20ac<\/td>\n    <\/tr>\n    <tr>\n      <td style=\"border: 1px solid black; padding: 6px;\">DPD shipping to Italy<\/td>\n      <td style=\"border: 1px solid black; padding: 6px;\">37,95 \u20ac<\/td>\n    <\/tr>\n    <tr>\n      <td style=\"border: 1px solid black; padding: 6px;\">DPD shipping to Sweden<\/td>\n      <td style=\"border: 1px solid black; padding: 6px;\">37,95 \u20ac<\/td>\n    <\/tr>\n    <tr>\n      <td style=\"border: 1px solid black; padding: 6px;\">DPD shipping to Spain<\/td>\n      <td style=\"border: 1px solid black; padding: 6px;\">37,95 \u20ac<\/td>\n    <\/tr>\n    <tr>\n      <td style=\"border: 1px solid black; padding: 6px;\">DPD shipping to Portugal<\/td>\n      <td style=\"border: 1px solid black; padding: 6px;\">37,95 \u20ac<\/td>\n    <\/tr>\n  <\/tbody>\n<\/table>\n\t\t\t\t\t\t\t\t<\/div>\n\t\t\t\t<div class=\"elementor-element elementor-element-0edbfe1 elementor-widget elementor-widget-text-editor\" data-id=\"0edbfe1\" data-element_type=\"widget\" data-e-type=\"widget\" data-widget_type=\"text-editor.default\">\n\t\t\t\t\t\t\t\t\t<p><strong>Your country is not listed?<\/strong><br \/>Wir liefern aktuell nach Deutschland, \u00d6sterreich, Schweiz und in viele weitere europ\u00e4ische L\u00e4nder. Die Versandkosten richten sich nach dem jeweiligen Zielland und werden transparent in der \u00dcbersicht dargestellt. Sollten Sie ein Land nicht in der Liste finden, kontaktieren Sie uns gerne \u2013 wir erstellen Ihnen ein individuelles Versandangebot.<\/p>\t\t\t\t\t\t\t\t<\/div>\n\t\t\t\t<div class=\"elementor-element elementor-element-2e3b70b elementor-widget elementor-widget-button\" data-id=\"2e3b70b\" data-element_type=\"widget\" data-e-type=\"widget\" data-widget_type=\"button.default\">\n\t\t\t\t\t\t\t\t\t\t<a class=\"elementor-button elementor-button-link elementor-size-sm\" href=\"https:\/\/worldmap24.de\/en\/impressum\/\">\n\t\t\t\t\t\t<span class=\"elementor-button-content-wrapper\">\n\t\t\t\t\t\t\t\t\t<span class=\"elementor-button-text\">Contact us<\/span>\n\t\t\t\t\t<\/span>\n\t\t\t\t\t<\/a>\n\t\t\t\t\t\t\t\t<\/div>\n\t\t\t\t\t<\/div>\n\t\t\t\t<\/div>\n\t\t\t\t<\/div>","protected":false},"excerpt":{"rendered":"<p>Wir versenden unsere Weltkarten aus Metall sicher verpackt und zuverl\u00e4ssig mit unserem Versandpartner DPD. Jede Bestellung wird sorgf\u00e4ltig vorbereitet, damit Ihre Design-Weltkarte unbesch\u00e4digt bei Ihnen ankommt. Der Versand erfolgt versichert und mit Sendungsverfolgung, sodass Sie jederzeit den Status Ihrer Lieferung verfolgen k\u00f6nnen. Unsere hochwertigen Weltkarten aus Metall werden in stabilen Verpackungen verschickt, die speziell f\u00fcr [&hellip;]<\/p>\n","protected":false},"author":1,"featured_media":0,"parent":0,"menu_order":0,"comment_status":"closed","ping_status":"closed","template":"","meta":{"footnotes":""},"class_list":["post-75","page","type-page","status-publish","hentry"],"_links":{"self":[{"href":"https:\/\/worldmap24.de\/en\/wp-json\/wp\/v2\/pages\/75","targetHints":{"allow":["GET"]}}],"collection":[{"href":"https:\/\/worldmap24.de\/en\/wp-json\/wp\/v2\/pages"}],"about":[{"href":"https:\/\/worldmap24.de\/en\/wp-json\/wp\/v2\/types\/page"}],"author":[{"embeddable":true,"href":"https:\/\/worldmap24.de\/en\/wp-json\/wp\/v2\/users\/1"}],"replies":[{"embeddable":true,"href":"https:\/\/worldmap24.de\/en\/wp-json\/wp\/v2\/comments?post=75"}],"version-history":[{"count":10,"href":"https:\/\/worldmap24.de\/en\/wp-json\/wp\/v2\/pages\/75\/revisions"}],"predecessor-version":[{"id":9518,"href":"https:\/\/worldmap24.de\/en\/wp-json\/wp\/v2\/pages\/75\/revisions\/9518"}],"wp:attachment":[{"href":"https:\/\/worldmap24.de\/en\/wp-json\/wp\/v2\/media?parent=75"}],"curies":[{"name":"wp","href":"https:\/\/api.w.org\/{rel}","templated":true}]}}