{"id":78,"date":"2025-02-01T07:41:22","date_gmt":"2025-02-01T06:41:22","guid":{"rendered":"https:\/\/worldmap24.de\/echtheit-von-bewertungen\/"},"modified":"2026-03-08T09:59:23","modified_gmt":"2026-03-08T08:59:23","slug":"echtheit-von-bewertungen","status":"publish","type":"page","link":"https:\/\/worldmap24.de\/en\/echtheit-von-bewertungen\/","title":{"rendered":"Echtheit von Bewertungen | echte Kundenstimmen"},"content":{"rendered":"<div data-elementor-type=\"wp-page\" data-elementor-id=\"78\" class=\"elementor elementor-78\" data-elementor-post-type=\"page\">\n\t\t\t\t<div class=\"elementor-element elementor-element-78f3619 e-con-full e-flex e-con e-parent\" data-id=\"78f3619\" data-element_type=\"container\" data-e-type=\"container\">\n\t\t\t\t<div class=\"elementor-element elementor-element-5474977 elementor-widget elementor-widget-text-editor\" data-id=\"5474977\" data-element_type=\"widget\" data-e-type=\"widget\" data-widget_type=\"text-editor.default\">\n\t\t\t\t\t\t\t\t\t<h2 data-start=\"326\" data-end=\"380\"><strong data-start=\"329\" data-end=\"380\">Authenticity and origin of our customer reviews<\/strong><\/h2><p data-start=\"382\" data-end=\"604\">We place great value on honest and transparent customer reviews.<br data-start=\"456\" data-end=\"459\" \/>All reviews displayed on our website come exclusively from genuine customers who have actually purchased our products.<\/p><h3 data-start=\"606\" data-end=\"645\"><strong data-start=\"610\" data-end=\"645\">Reviews on our website<\/strong><\/h3><p data-start=\"646\" data-end=\"1010\">Reviews can only be submitted by customers who have placed an order through our online shop.<br data-start=\"741\" data-end=\"744\" \/>An automatic link between the order and the review option ensures that only real buyers can submit a review.<br data-start=\"902\" data-end=\"905\" \/>Manual or external reviews are additionally checked for plausibility before publication.<\/p><p data-start=\"1012\" data-end=\"1222\">No reviews are faked, purchased, or manipulated.<br data-start=\"1080\" data-end=\"1083\" \/>Negative reviews are published just like positive ones to ensure an authentic and balanced overall picture.<\/p><h3 data-start=\"452\" data-end=\"477\"><strong data-start=\"452\" data-end=\"475\">External reviews<\/strong><\/h3><p data-start=\"479\" data-end=\"724\">In addition to the reviews submitted directly on <a class=\"decorated-link cursor-pointer\" target=\"_new\" rel=\"noopener\" data-start=\"527\" data-end=\"544\">www.worldmap24.de<\/a> we also publish public customer reviews from the following platforms: Google (public user reviews), eBay, and Etsy.<\/p><p data-start=\"726\" data-end=\"921\">Please note: We do not sell directly via Google \u2014 the reviews visible on Google are public user comments submitted independently of any sales transactions.<\/p><p data-start=\"923\" data-end=\"1262\">All external reviews are reproduced without modification and, wherever possible, are directly linked to their original source. The mentioned platforms each have their own verification and moderation mechanisms for assessing the authenticity of reviews; the exact verification procedures are their sole responsibility.<\/p><p data-start=\"1264\" data-end=\"1363\">We do not include any reviews that are not publicly visible or cannot be verified.<\/p><h3 data-start=\"1928\" data-end=\"1957\"><strong data-start=\"1932\" data-end=\"1957\">Transparency &amp; contact<\/strong><\/h3><p data-start=\"1958\" data-end=\"2086\">If you have any further questions regarding the verification of reviews, please contact us at<br data-start=\"2044\" data-end=\"2047\" \/>info@worldmap24.de.<\/p>\t\t\t\t\t\t\t\t<\/div>\n\t\t\t\t<\/div>\n\t\t\t\t<\/div>","protected":false},"excerpt":{"rendered":"<p>Echtheit und Herkunft unserer Kundenbewertungen Wir legen gro\u00dfen Wert auf ehrliche und transparente Kundenbewertungen.Alle auf unserer Website angezeigten Bewertungen stammen ausschlie\u00dflich von echten K\u00e4ufern, die unsere Produkte tats\u00e4chlich erworben haben. Bewertungen auf unserer Website Bewertungen k\u00f6nnen nur von Kunden abgegeben werden, die \u00fcber unseren Onlineshop bestellt haben.Eine automatische Verkn\u00fcpfung zwischen Bestellung und Bewertungsm\u00f6glichkeit stellt sicher, [&hellip;]<\/p>\n","protected":false},"author":1,"featured_media":0,"parent":0,"menu_order":0,"comment_status":"closed","ping_status":"closed","template":"","meta":{"footnotes":""},"class_list":["post-78","page","type-page","status-publish","hentry"],"_links":{"self":[{"href":"https:\/\/worldmap24.de\/en\/wp-json\/wp\/v2\/pages\/78","targetHints":{"allow":["GET"]}}],"collection":[{"href":"https:\/\/worldmap24.de\/en\/wp-json\/wp\/v2\/pages"}],"about":[{"href":"https:\/\/worldmap24.de\/en\/wp-json\/wp\/v2\/types\/page"}],"author":[{"embeddable":true,"href":"https:\/\/worldmap24.de\/en\/wp-json\/wp\/v2\/users\/1"}],"replies":[{"embeddable":true,"href":"https:\/\/worldmap24.de\/en\/wp-json\/wp\/v2\/comments?post=78"}],"version-history":[{"count":5,"href":"https:\/\/worldmap24.de\/en\/wp-json\/wp\/v2\/pages\/78\/revisions"}],"predecessor-version":[{"id":9507,"href":"https:\/\/worldmap24.de\/en\/wp-json\/wp\/v2\/pages\/78\/revisions\/9507"}],"wp:attachment":[{"href":"https:\/\/worldmap24.de\/en\/wp-json\/wp\/v2\/media?parent=78"}],"curies":[{"name":"wp","href":"https:\/\/api.w.org\/{rel}","templated":true}]}}